{"id":3794,"date":"2021-01-11T13:17:01","date_gmt":"2021-01-11T12:17:01","guid":{"rendered":"https:\/\/viatgesemocions.com\/download\/"},"modified":"2023-03-01T01:51:01","modified_gmt":"2023-03-01T00:51:01","slug":"download","status":"publish","type":"page","link":"https:\/\/viatgesemocions.com\/es\/download\/","title":{"rendered":"Download"},"content":{"rendered":"<p>F\u00fcr viele Studenten des Junggesellen- und Meisters ist das Schreiben ihrer These eine schwierige Aufgabe. Moderne Massenuniversit\u00e4ten <a href=\"https:\/\/arbeitschreibenlassen.com\/seminararbeit-schreiben-lassen\/\">ghostwriter seminararbeit<\/a>nicht mehr in der Lage, die Sch\u00fcler in diesem Bereich vorzubereiten, und es fehlt ihnen h\u00e4ufig das notwendige Wissen, um einen akademischen Text zu erstellen.<\/p>\n<p>Die Master -These der Ghostwriter ist Ihre Chance, ein wissenschaftliches Argument vorzulegen, Ihre akademischen <a href=\"https:\/\/premiumghostwriter.de\/masterarbeit\/>ghostwriter masterarbeit<\/a> F\u00e4higkeiten zu demonstrieren und zu beweisen, dass Sie \u00fcber umfassende Kenntnisse in Ihrem Studienbereich verf\u00fcgen.Das Schreiben einer Master-These ist jedoch ein zeitaufw\u00e4ndiger Prozess, bei dem die Sch\u00fcler oft Zeit nicht mehr Zeit haben und ihre Forschung in der erforderlichen Zeit nicht ausf\u00fcllen k\u00f6nnen. Gl\u00fccklicherweise k\u00f6nnen die Ghostwriters unseres Bachelor-These Ihnen helfen, in jeder Phase Ihres Studiums einen hochwertigen Text zu schreiben.<\/p>\n<p>A writing service for essays is a website or a business which writes academic essays for students. According to the needs of the customer and the subject matter the company assigns qualified writers to finish the work.<a href=\"https:\/\/top-essay.org\/college-essay-writer\/\">College essay writer &#8211; Your personal assistant in the complex world of education.<\/a>The services offered are legitimate and safe to utilize. They do not break any law, and the majority of them have a strict confidentiality policy.<\/p>\n<p>Sie haben das Geschenk, die Stimmen anderer Menschen auf Papier zu fangen. Du bist ein gro\u00dfartiger Schriftsteller, <a href=\"https:\/\/premiumghostwriter.de\/>gostwriter<\/a>ein gro\u00dfartiger Mitarbeiter und ein guter Teamplayer.Ghostwriting ist eine Karriere, die Ihnen hochbezahlte Schreibjobs sowie die M\u00f6glichkeit bietet, kreativ zu sein und anderen zu helfen, ihre Ideen zu teilen. Aber es gibt ein paar Dinge, die Sie wissen sollten, bevor Sie ausgehen und Ghostwriting beginnen.<\/p>\n<p>Sie k\u00f6nnen stundenweise, pro Wort oder nach dem Projekt einen Ghostwriter mieten. Unabh\u00e4ngig davon, wie Sie sie einstellen,<a href=\"https:\/\/premiumghostwriter.de\/\">ghostwriter finden<\/a> stellen Sie sicher, dass sie Ihre Ziele und Ihr Budget verstehen.Die besten Geister k\u00f6nnen die Ideen eines Autors aufnehmen und ein Buch erstellen, das dem Original so nah wie m\u00f6glich ist. Aus diesem Grund ist es wichtig, die Schreibf\u00e4higkeit jedes Kandidaten zu bewerten.<\/p>\n<p>Die Wohnungskosten f\u00fcr Ghostwriter sind sehr unterschiedlich, je nachdem, wie erfahrener Schriftsteller sind und welche Art von Arbeit Sie ben\u00f6tigen. <a href=\"https:\/\/hausarbeiten-schreiben-lassen.com\/hausarbeit-schreiben-lassen-kosten\/\">ghostwriter hausarbeit kosten<\/a>Normalerweise erfordern komplexere Projekte mehr Aufwand und Zeit als einfachere, was die Geh\u00e4usekosten f\u00fcr den Ghostwriter erh\u00f6hen k\u00f6nnte.<\/p>\n","protected":false},"excerpt":{"rendered":"<p>F\u00fcr viele Studenten des Junggesellen- und Meisters ist das Schreiben ihrer These eine schwierige Aufgabe. Moderne Massenuniversit\u00e4ten ghostwriter seminararbeitnicht mehr in der Lage, die Sch\u00fcler in diesem Bereich vorzubereiten, und es fehlt ihnen h\u00e4ufig das notwendige Wissen, um einen akademischen Text zu erstellen. Die Master -These der Ghostwriter ist Ihre Chance, ein wissenschaftliches Argument vorzulegen, [&hellip;]<\/p>\n","protected":false},"author":1,"featured_media":0,"parent":0,"menu_order":0,"comment_status":"closed","ping_status":"closed","template":"","meta":{"_et_pb_use_builder":"","_et_pb_old_content":""},"yoast_head":"<!-- This site is optimized with the Yoast SEO plugin v16.7 - https:\/\/yoast.com\/wordpress\/plugins\/seo\/ -->\n<title>Download - Viatges Emocions<\/title>\n<meta name=\"robots\" content=\"index, follow, max-snippet:-1, max-image-preview:large, max-video-preview:-1\" \/>\n<link rel=\"canonical\" href=\"https:\/\/viatgesemocions.com\/es\/download\/\" \/>\n<meta property=\"og:locale\" content=\"es_ES\" \/>\n<meta property=\"og:type\" content=\"article\" \/>\n<meta property=\"og:title\" content=\"Download - Viatges Emocions\" \/>\n<meta property=\"og:description\" content=\"F\u00fcr viele Studenten des Junggesellen- und Meisters ist das Schreiben ihrer These eine schwierige Aufgabe. Moderne Massenuniversit\u00e4ten ghostwriter seminararbeitnicht mehr in der Lage, die Sch\u00fcler in diesem Bereich vorzubereiten, und es fehlt ihnen h\u00e4ufig das notwendige Wissen, um einen akademischen Text zu erstellen. Die Master -These der Ghostwriter ist Ihre Chance, ein wissenschaftliches Argument vorzulegen, [&hellip;]\" \/>\n<meta property=\"og:url\" content=\"https:\/\/viatgesemocions.com\/download\/\" \/>\n<meta property=\"og:site_name\" content=\"Viatges Emocions\" \/>\n<meta property=\"article:modified_time\" content=\"2023-03-01T00:51:01+00:00\" \/>\n<meta name=\"twitter:card\" content=\"summary_large_image\" \/>\n<meta name=\"twitter:label1\" content=\"Tiempo de lectura\" \/>\n\t<meta name=\"twitter:data1\" content=\"1 minuto\" \/>\n<script type=\"application\/ld+json\" class=\"yoast-schema-graph\">{\"@context\":\"https:\/\/schema.org\",\"@graph\":[{\"@type\":\"WebSite\",\"@id\":\"https:\/\/viatgesemocions.com\/#website\",\"url\":\"https:\/\/viatgesemocions.com\/\",\"name\":\"Viatges Emocions\",\"description\":\"Passi\\u00f3 pel teu viatge\",\"potentialAction\":[{\"@type\":\"SearchAction\",\"target\":{\"@type\":\"EntryPoint\",\"urlTemplate\":\"https:\/\/viatgesemocions.com\/?s={search_term_string}\"},\"query-input\":\"required name=search_term_string\"}],\"inLanguage\":\"es\"},{\"@type\":\"WebPage\",\"@id\":\"https:\/\/viatgesemocions.com\/download\/#webpage\",\"url\":\"https:\/\/viatgesemocions.com\/download\/\",\"name\":\"Download - Viatges Emocions\",\"isPartOf\":{\"@id\":\"https:\/\/viatgesemocions.com\/#website\"},\"datePublished\":\"2021-01-11T12:17:01+00:00\",\"dateModified\":\"2023-03-01T00:51:01+00:00\",\"breadcrumb\":{\"@id\":\"https:\/\/viatgesemocions.com\/download\/#breadcrumb\"},\"inLanguage\":\"es\",\"potentialAction\":[{\"@type\":\"ReadAction\",\"target\":[\"https:\/\/viatgesemocions.com\/download\/\"]}]},{\"@type\":\"BreadcrumbList\",\"@id\":\"https:\/\/viatgesemocions.com\/download\/#breadcrumb\",\"itemListElement\":[{\"@type\":\"ListItem\",\"position\":1,\"name\":\"Home\",\"item\":\"https:\/\/viatgesemocions.com\/\"},{\"@type\":\"ListItem\",\"position\":2,\"name\":\"Download\"}]}]}<\/script>\n<!-- \/ Yoast SEO plugin. -->","yoast_head_json":{"title":"Download - Viatges Emocions","robots":{"index":"index","follow":"follow","max-snippet":"max-snippet:-1","max-image-preview":"max-image-preview:large","max-video-preview":"max-video-preview:-1"},"canonical":"https:\/\/viatgesemocions.com\/es\/download\/","og_locale":"es_ES","og_type":"article","og_title":"Download - Viatges Emocions","og_description":"F\u00fcr viele Studenten des Junggesellen- und Meisters ist das Schreiben ihrer These eine schwierige Aufgabe. Moderne Massenuniversit\u00e4ten ghostwriter seminararbeitnicht mehr in der Lage, die Sch\u00fcler in diesem Bereich vorzubereiten, und es fehlt ihnen h\u00e4ufig das notwendige Wissen, um einen akademischen Text zu erstellen. Die Master -These der Ghostwriter ist Ihre Chance, ein wissenschaftliches Argument vorzulegen, [&hellip;]","og_url":"https:\/\/viatgesemocions.com\/download\/","og_site_name":"Viatges Emocions","article_modified_time":"2023-03-01T00:51:01+00:00","twitter_card":"summary_large_image","twitter_misc":{"Tiempo de lectura":"1 minuto"},"schema":{"@context":"https:\/\/schema.org","@graph":[{"@type":"WebSite","@id":"https:\/\/viatgesemocions.com\/#website","url":"https:\/\/viatgesemocions.com\/","name":"Viatges Emocions","description":"Passi\u00f3 pel teu viatge","potentialAction":[{"@type":"SearchAction","target":{"@type":"EntryPoint","urlTemplate":"https:\/\/viatgesemocions.com\/?s={search_term_string}"},"query-input":"required name=search_term_string"}],"inLanguage":"es"},{"@type":"WebPage","@id":"https:\/\/viatgesemocions.com\/download\/#webpage","url":"https:\/\/viatgesemocions.com\/download\/","name":"Download - Viatges Emocions","isPartOf":{"@id":"https:\/\/viatgesemocions.com\/#website"},"datePublished":"2021-01-11T12:17:01+00:00","dateModified":"2023-03-01T00:51:01+00:00","breadcrumb":{"@id":"https:\/\/viatgesemocions.com\/download\/#breadcrumb"},"inLanguage":"es","potentialAction":[{"@type":"ReadAction","target":["https:\/\/viatgesemocions.com\/download\/"]}]},{"@type":"BreadcrumbList","@id":"https:\/\/viatgesemocions.com\/download\/#breadcrumb","itemListElement":[{"@type":"ListItem","position":1,"name":"Home","item":"https:\/\/viatgesemocions.com\/"},{"@type":"ListItem","position":2,"name":"Download"}]}]}},"_links":{"self":[{"href":"https:\/\/viatgesemocions.com\/es\/wp-json\/wp\/v2\/pages\/3794\/"}],"collection":[{"href":"https:\/\/viatgesemocions.com\/es\/wp-json\/wp\/v2\/pages\/"}],"about":[{"href":"https:\/\/viatgesemocions.com\/es\/wp-json\/wp\/v2\/types\/page\/"}],"author":[{"embeddable":true,"href":"https:\/\/viatgesemocions.com\/es\/wp-json\/wp\/v2\/users\/1\/"}],"replies":[{"embeddable":true,"href":"https:\/\/viatgesemocions.com\/es\/wp-json\/wp\/v2\/comments\/?post=3794"}],"version-history":[{"count":0,"href":"https:\/\/viatgesemocions.com\/es\/wp-json\/wp\/v2\/pages\/3794\/revisions\/"}],"wp:attachment":[{"href":"https:\/\/viatgesemocions.com\/es\/wp-json\/wp\/v2\/media\/?parent=3794"}],"curies":[{"name":"wp","href":"https:\/\/api.w.org\/{rel}","templated":true}]}}